{"id":108,"date":"2021-03-22T10:57:59","date_gmt":"2021-03-22T09:57:59","guid":{"rendered":"https:\/\/stanzwerkzeuge.de\/?page_id=108"},"modified":"2024-05-06T10:31:52","modified_gmt":"2024-05-06T08:31:52","slug":"legal-terms","status":"publish","type":"page","link":"https:\/\/stanzwerkzeuge.de\/en\/legal-terms\/","title":{"rendered":"Legal Terms"},"content":{"rendered":"<p style=\"font-weight: 400;\">Information in accordance with section 5 TMG<\/p>\n<p style=\"font-weight: 400;\">Hesse Stanzwerkzeuge GmbH<br \/>\nNeue Wiese 18<br \/>\n31061 Alfeld<\/p>\n<h2>Represented by<\/h2>\n<p style=\"font-weight: 400;\">Board of directors:<br \/>\nSebastian Voy<\/p>\n<h2>Contact<\/h2>\n<p style=\"font-weight: 400;\">Telephone: +49 (0) 5181 8019-0<br \/>\nE-Mail:\u00a0<a href=\"mailto:info@stanzwerkzeuge.de\">info@stanzwerkzeuge.de<\/a><br \/>\nInternet address:\u00a0<a href=\"http:\/\/www.stanzwerkzeuge.de\/\">www.stanzwerkzeuge.de<\/a><\/p>\n<h2>VAT number<\/h2>\n<p style=\"font-weight: 400;\">VAT indentification number in accorance with section 27 a of the German VAT act:<br \/>\nDE 178 233 816 HRB 110072 \u2013 local court Hildesheim<\/p>\n<p style=\"font-weight: 400;\">\u00a9 2015 Hesse Stanzwerkzeuge GmbH<\/p>\n<p style=\"font-weight: 400;\"><strong>Verantwortlich f\u00fcr den Inhalt nach \u00a7 55 Abs. 2 RStV:<\/strong><\/p>\n<p style=\"font-weight: 400;\">Sebastian Voy<br \/>\nHesse Stanzwerkzeuge GmbH<br \/>\nNeue Wiese 18<br \/>\n31061 Alfeld<\/p>\n<p style=\"font-weight: 400;\"><strong>Datenschutzbeauftragter:\u00a0<\/strong><\/p>\n<p style=\"font-weight: 400;\">Firma Sentitec<br \/>\nMatthias Senne<br \/>\nG\u00f6ttinger Str. 8<br \/>\n31061 Alfeld<br \/>\n+49 (0) 5181 2870420<br \/>\n<a href=\"mailto:datenschutz@sentitec.com\">datenschutz@sentitec.com<\/a><\/p>\n<p style=\"font-weight: 400;\"><strong>Streitschlichtung<\/strong><\/p>\n<p style=\"font-weight: 400;\">Die Europ\u00e4ische Kommission stellt eine Plattform zur Online-Streitbeilegung (OS) bereit:\u00a0<a href=\"https:\/\/ec.europa.eu\/consumers\/odr\">https:\/\/ec.europa.eu\/consumers\/odr<\/a>.<br \/>\nUnsere E-Mail-Adresse finden Sie oben im Impressum.<\/p>\n<p style=\"font-weight: 400;\">Wir sind nicht bereit oder verpflichtet, an Streitbeilegungsverfahren vor einer Verbraucherschlichtungsstelle teilzunehmen.<\/p>\n<p style=\"font-weight: 400;\"><strong>Haftung f\u00fcr Inhalte<\/strong><\/p>\n<p style=\"font-weight: 400;\">Als Diensteanbieter sind wir gem\u00e4\u00df \u00a7 7 Abs.1 TMG f\u00fcr eigene Inhalte auf diesen Seiten nach den allgemeinen Gesetzen verantwortlich. Nach \u00a7\u00a7 8 bis 10 TMG sind wir als Diensteanbieter jedoch nicht verpflichtet, \u00fcbermittelte oder gespeicherte fremde Informationen zu \u00fcberwachen oder nach Umst\u00e4nden zu forschen, die auf eine rechtswidrige T\u00e4tigkeit hinweisen.<\/p>\n<p style=\"font-weight: 400;\">Verpflichtungen zur Entfernung oder Sperrung der Nutzung von Informationen nach den allgemeinen Gesetzen bleiben hiervon unber\u00fchrt. Eine diesbez\u00fcgliche Haftung ist jedoch erst ab dem Zeitpunkt der Kenntnis einer konkreten Rechtsverletzung m\u00f6glich. Bei Bekanntwerden von entsprechenden Rechtsverletzungen werden wir diese Inhalte umgehend entfernen.<\/p>\n<p style=\"font-weight: 400;\"><strong>Haftung f\u00fcr Links<\/strong><\/p>\n<p style=\"font-weight: 400;\">Unser Angebot enth\u00e4lt Links zu externen Websites Dritter, auf deren Inhalte wir keinen Einfluss haben. Deshalb k\u00f6nnen wir f\u00fcr diese fremden Inhalte auch keine Gew\u00e4hr \u00fcbernehmen. F\u00fcr die Inhalte der verlinkten Seiten ist stets der jeweilige Anbieter oder Betreiber der Seiten verantwortlich. Die verlinkten Seiten wurden zum Zeitpunkt der Verlinkung auf m\u00f6gliche Rechtsverst\u00f6\u00dfe \u00fcberpr\u00fcft. Rechtswidrige Inhalte waren zum Zeitpunkt der Verlinkung nicht erkennbar.<\/p>\n<p style=\"font-weight: 400;\">Eine permanente inhaltliche Kontrolle der verlinkten Seiten ist jedoch ohne konkrete Anhaltspunkte einer Rechtsverletzung nicht zumutbar. Bei Bekanntwerden von Rechtsverletzungen werden wir derartige Links umgehend entfernen.<\/p>\n<p style=\"font-weight: 400;\"><strong>Urheberrecht<\/strong><\/p>\n<p style=\"font-weight: 400;\">Die durch die Seitenbetreiber erstellten Inhalte und Werke auf diesen Seiten unterliegen dem deutschen Urheberrecht. Die Vervielf\u00e4ltigung, Bearbeitung, Verbreitung und jede Art der Verwertung au\u00dferhalb der Grenzen des Urheberrechtes bed\u00fcrfen der schriftlichen Zustimmung des jeweiligen Autors bzw. Erstellers. Downloads und Kopien dieser Seite sind nur f\u00fcr den privaten, nicht kommerziellen Gebrauch gestattet.<\/p>\n<p style=\"font-weight: 400;\">Soweit die Inhalte auf dieser Seite nicht vom Betreiber erstellt wurden, werden die Urheberrechte Dritter beachtet. Insbesondere werden Inhalte Dritter als solche gekennzeichnet. Sollten Sie trotzdem auf eine Urheberrechtsverletzung aufmerksam werden, bitten wir um einen entsprechenden Hinweis. Bei Bekanntwerden von Rechtsverletzungen werden wir derartige Inhalte umgehend entfernen.<\/p>\n","protected":false},"excerpt":{"rendered":"<p>Information in accordance with section 5 TMG Hesse Stanzwerkzeuge GmbH Neue Wiese 18 31061 Alfeld Represented by Board of directors: Sebastian Voy Contact Telephone: +49 (0) 5181 8019-0 E-Mail:\u00a0info@stanzwerkzeuge.de Internet address:\u00a0www.stanzwerkzeuge.de VAT number VAT indentification number in accorance with section 27 a of the German VAT act: DE 178 233 816 HRB 110072 \u2013 local [&hellip;]<\/p>\n","protected":false},"author":1,"featured_media":0,"parent":0,"menu_order":0,"comment_status":"closed","ping_status":"closed","template":"","meta":{"footnotes":""},"class_list":["post-108","page","type-page","status-publish","hentry"],"yoast_head":"<!-- This site is optimized with the Yoast SEO plugin v27.4 - https:\/\/yoast.com\/product\/yoast-seo-wordpress\/ -->\n<title>Legal Terms - Hesse Stanzwerkzeuge<\/title>\n<meta name=\"robots\" content=\"index, follow, max-snippet:-1, max-image-preview:large, max-video-preview:-1\" \/>\n<link rel=\"canonical\" href=\"https:\/\/stanzwerkzeuge.de\/en\/legal-terms\/\" \/>\n<meta property=\"og:locale\" content=\"en_US\" \/>\n<meta property=\"og:type\" content=\"article\" \/>\n<meta property=\"og:title\" content=\"Legal Terms - Hesse Stanzwerkzeuge\" \/>\n<meta property=\"og:description\" content=\"Information in accordance with section 5 TMG Hesse Stanzwerkzeuge GmbH Neue Wiese 18 31061 Alfeld Represented by Board of directors: Sebastian Voy Contact Telephone: +49 (0) 5181 8019-0 E-Mail:\u00a0info@stanzwerkzeuge.de Internet address:\u00a0www.stanzwerkzeuge.de VAT number VAT indentification number in accorance with section 27 a of the German VAT act: DE 178 233 816 HRB 110072 \u2013 local [&hellip;]\" \/>\n<meta property=\"og:url\" content=\"https:\/\/stanzwerkzeuge.de\/en\/legal-terms\/\" \/>\n<meta property=\"og:site_name\" content=\"Hesse Stanzwerkzeuge\" \/>\n<meta property=\"article:modified_time\" content=\"2024-05-06T08:31:52+00:00\" \/>\n<meta name=\"twitter:card\" content=\"summary_large_image\" \/>\n<meta name=\"twitter:label1\" content=\"Est. reading time\" \/>\n\t<meta name=\"twitter:data1\" content=\"3 minutes\" \/>\n<script type=\"application\/ld+json\" class=\"yoast-schema-graph\">{\"@context\":\"https:\\\/\\\/schema.org\",\"@graph\":[{\"@type\":\"WebPage\",\"@id\":\"https:\\\/\\\/stanzwerkzeuge.de\\\/en\\\/legal-terms\\\/\",\"url\":\"https:\\\/\\\/stanzwerkzeuge.de\\\/en\\\/legal-terms\\\/\",\"name\":\"Legal Terms - Hesse Stanzwerkzeuge\",\"isPartOf\":{\"@id\":\"https:\\\/\\\/stanzwerkzeuge.de\\\/#website\"},\"datePublished\":\"2021-03-22T09:57:59+00:00\",\"dateModified\":\"2024-05-06T08:31:52+00:00\",\"breadcrumb\":{\"@id\":\"https:\\\/\\\/stanzwerkzeuge.de\\\/en\\\/legal-terms\\\/#breadcrumb\"},\"inLanguage\":\"en-US\",\"potentialAction\":[{\"@type\":\"ReadAction\",\"target\":[\"https:\\\/\\\/stanzwerkzeuge.de\\\/en\\\/legal-terms\\\/\"]}]},{\"@type\":\"BreadcrumbList\",\"@id\":\"https:\\\/\\\/stanzwerkzeuge.de\\\/en\\\/legal-terms\\\/#breadcrumb\",\"itemListElement\":[{\"@type\":\"ListItem\",\"position\":1,\"name\":\"Home\",\"item\":\"https:\\\/\\\/stanzwerkzeuge.de\\\/\"},{\"@type\":\"ListItem\",\"position\":2,\"name\":\"Legal Terms\"}]},{\"@type\":\"WebSite\",\"@id\":\"https:\\\/\\\/stanzwerkzeuge.de\\\/#website\",\"url\":\"https:\\\/\\\/stanzwerkzeuge.de\\\/\",\"name\":\"Hesse Stanzwerkzeuge\",\"description\":\"\",\"potentialAction\":[{\"@type\":\"SearchAction\",\"target\":{\"@type\":\"EntryPoint\",\"urlTemplate\":\"https:\\\/\\\/stanzwerkzeuge.de\\\/?s={search_term_string}\"},\"query-input\":{\"@type\":\"PropertyValueSpecification\",\"valueRequired\":true,\"valueName\":\"search_term_string\"}}],\"inLanguage\":\"en-US\"}]}<\/script>\n<!-- \/ Yoast SEO plugin. -->","yoast_head_json":{"title":"Legal Terms - Hesse Stanzwerkzeuge","robots":{"index":"index","follow":"follow","max-snippet":"max-snippet:-1","max-image-preview":"max-image-preview:large","max-video-preview":"max-video-preview:-1"},"canonical":"https:\/\/stanzwerkzeuge.de\/en\/legal-terms\/","og_locale":"en_US","og_type":"article","og_title":"Legal Terms - Hesse Stanzwerkzeuge","og_description":"Information in accordance with section 5 TMG Hesse Stanzwerkzeuge GmbH Neue Wiese 18 31061 Alfeld Represented by Board of directors: Sebastian Voy Contact Telephone: +49 (0) 5181 8019-0 E-Mail:\u00a0info@stanzwerkzeuge.de Internet address:\u00a0www.stanzwerkzeuge.de VAT number VAT indentification number in accorance with section 27 a of the German VAT act: DE 178 233 816 HRB 110072 \u2013 local [&hellip;]","og_url":"https:\/\/stanzwerkzeuge.de\/en\/legal-terms\/","og_site_name":"Hesse Stanzwerkzeuge","article_modified_time":"2024-05-06T08:31:52+00:00","twitter_card":"summary_large_image","twitter_misc":{"Est. reading time":"3 minutes"},"schema":{"@context":"https:\/\/schema.org","@graph":[{"@type":"WebPage","@id":"https:\/\/stanzwerkzeuge.de\/en\/legal-terms\/","url":"https:\/\/stanzwerkzeuge.de\/en\/legal-terms\/","name":"Legal Terms - Hesse Stanzwerkzeuge","isPartOf":{"@id":"https:\/\/stanzwerkzeuge.de\/#website"},"datePublished":"2021-03-22T09:57:59+00:00","dateModified":"2024-05-06T08:31:52+00:00","breadcrumb":{"@id":"https:\/\/stanzwerkzeuge.de\/en\/legal-terms\/#breadcrumb"},"inLanguage":"en-US","potentialAction":[{"@type":"ReadAction","target":["https:\/\/stanzwerkzeuge.de\/en\/legal-terms\/"]}]},{"@type":"BreadcrumbList","@id":"https:\/\/stanzwerkzeuge.de\/en\/legal-terms\/#breadcrumb","itemListElement":[{"@type":"ListItem","position":1,"name":"Home","item":"https:\/\/stanzwerkzeuge.de\/"},{"@type":"ListItem","position":2,"name":"Legal Terms"}]},{"@type":"WebSite","@id":"https:\/\/stanzwerkzeuge.de\/#website","url":"https:\/\/stanzwerkzeuge.de\/","name":"Hesse Stanzwerkzeuge","description":"","potentialAction":[{"@type":"SearchAction","target":{"@type":"EntryPoint","urlTemplate":"https:\/\/stanzwerkzeuge.de\/?s={search_term_string}"},"query-input":{"@type":"PropertyValueSpecification","valueRequired":true,"valueName":"search_term_string"}}],"inLanguage":"en-US"}]}},"_links":{"self":[{"href":"https:\/\/stanzwerkzeuge.de\/en\/wp-json\/wp\/v2\/pages\/108","targetHints":{"allow":["GET"]}}],"collection":[{"href":"https:\/\/stanzwerkzeuge.de\/en\/wp-json\/wp\/v2\/pages"}],"about":[{"href":"https:\/\/stanzwerkzeuge.de\/en\/wp-json\/wp\/v2\/types\/page"}],"author":[{"embeddable":true,"href":"https:\/\/stanzwerkzeuge.de\/en\/wp-json\/wp\/v2\/users\/1"}],"replies":[{"embeddable":true,"href":"https:\/\/stanzwerkzeuge.de\/en\/wp-json\/wp\/v2\/comments?post=108"}],"version-history":[{"count":9,"href":"https:\/\/stanzwerkzeuge.de\/en\/wp-json\/wp\/v2\/pages\/108\/revisions"}],"predecessor-version":[{"id":492,"href":"https:\/\/stanzwerkzeuge.de\/en\/wp-json\/wp\/v2\/pages\/108\/revisions\/492"}],"wp:attachment":[{"href":"https:\/\/stanzwerkzeuge.de\/en\/wp-json\/wp\/v2\/media?parent=108"}],"curies":[{"name":"wp","href":"https:\/\/api.w.org\/{rel}","templated":true}]}}